{"id":12,"date":"2019-11-20T14:34:20","date_gmt":"2019-11-20T14:34:20","guid":{"rendered":"https:\/\/sullivanhomestead.ca\/?page_id=12"},"modified":"2024-04-07T21:46:04","modified_gmt":"2024-04-07T21:46:04","slug":"a-homepage-section","status":"publish","type":"page","link":"https:\/\/sullivanhomestead.ca\/?page_id=12","title":{"rendered":"Accommodations &#8211; H\u00e9bergement"},"content":{"rendered":"\n<div class=\"wp-block-columns is-layout-flex wp-container-core-columns-is-layout-9d6595d7 wp-block-columns-is-layout-flex\">\n<div class=\"wp-block-column is-layout-flow wp-block-column-is-layout-flow\">\n<p>At Sullivan Homestead, there are plenty of rooms to choose from after a long day of riding the picturesque snowmobile trails, partaking in local events here in Sheenboro, or just enjoying the beautiful scenery at the Homestead<\/p>\n<\/div>\n\n\n\n<div class=\"wp-block-column is-layout-flow wp-block-column-is-layout-flow\">\n<p>A la Ferme Sullivan, vous aurez l&#8217;embarras du choix de votre chambre apr\u00e8s une longue journ\u00e9e d&#8217;excursion dans les sentiers de motoneige, d&#8217;activit\u00e9s locales \u00e0 Sheenboro ou simplement de contemplation du magnifique paysage de la ferme.<\/p>\n<\/div>\n<\/div>\n\n\n\n<figure class=\"wp-block-image size-large\"><img loading=\"lazy\" decoding=\"async\" width=\"768\" height=\"1024\" src=\"https:\/\/sullivanhomestead.ca\/wp-content\/uploads\/2019\/12\/Bedroom-3-Double-768x1024.jpg\" alt=\"\" class=\"wp-image-56\" srcset=\"https:\/\/sullivanhomestead.ca\/wp-content\/uploads\/2019\/12\/Bedroom-3-Double-768x1024.jpg 768w, https:\/\/sullivanhomestead.ca\/wp-content\/uploads\/2019\/12\/Bedroom-3-Double-225x300.jpg 225w, https:\/\/sullivanhomestead.ca\/wp-content\/uploads\/2019\/12\/Bedroom-3-Double-1152x1536.jpg 1152w, https:\/\/sullivanhomestead.ca\/wp-content\/uploads\/2019\/12\/Bedroom-3-Double-1536x2048.jpg 1536w, https:\/\/sullivanhomestead.ca\/wp-content\/uploads\/2019\/12\/Bedroom-3-Double-1200x1600.jpg 1200w, https:\/\/sullivanhomestead.ca\/wp-content\/uploads\/2019\/12\/Bedroom-3-Double-1980x2640.jpg 1980w, https:\/\/sullivanhomestead.ca\/wp-content\/uploads\/2019\/12\/Bedroom-3-Double-scaled.jpg 1920w\" sizes=\"auto, (max-width: 768px) 100vw, 768px\" \/><\/figure>\n\n\n\n<figure class=\"wp-block-gallery has-nested-images columns-2 is-cropped wp-block-gallery-1 is-layout-flex wp-block-gallery-is-layout-flex\"><div class=\"wp-block-image\">\n<figure class=\"aligncenter\"><img loading=\"lazy\" decoding=\"async\" width=\"768\" height=\"1024\" data-id=\"54\" src=\"https:\/\/sullivanhomestead.ca\/wp-content\/uploads\/2019\/12\/Bedroom-1-Queen-768x1024.jpg\" alt=\"\" class=\"wp-image-54\" srcset=\"https:\/\/sullivanhomestead.ca\/wp-content\/uploads\/2019\/12\/Bedroom-1-Queen-768x1024.jpg 768w, https:\/\/sullivanhomestead.ca\/wp-content\/uploads\/2019\/12\/Bedroom-1-Queen-225x300.jpg 225w, https:\/\/sullivanhomestead.ca\/wp-content\/uploads\/2019\/12\/Bedroom-1-Queen-1152x1536.jpg 1152w, https:\/\/sullivanhomestead.ca\/wp-content\/uploads\/2019\/12\/Bedroom-1-Queen-1536x2048.jpg 1536w, https:\/\/sullivanhomestead.ca\/wp-content\/uploads\/2019\/12\/Bedroom-1-Queen-1200x1600.jpg 1200w, https:\/\/sullivanhomestead.ca\/wp-content\/uploads\/2019\/12\/Bedroom-1-Queen-1980x2640.jpg 1980w, https:\/\/sullivanhomestead.ca\/wp-content\/uploads\/2019\/12\/Bedroom-1-Queen-scaled.jpg 1920w\" sizes=\"auto, (max-width: 768px) 100vw, 768px\" \/><\/figure>\n<\/div>\n\n\n<figure class=\"wp-block-image\"><img loading=\"lazy\" decoding=\"async\" width=\"768\" height=\"1024\" data-id=\"55\" src=\"https:\/\/sullivanhomestead.ca\/wp-content\/uploads\/2019\/12\/Bedroom-2-Queen-768x1024.jpg\" alt=\"\" class=\"wp-image-55\" srcset=\"https:\/\/sullivanhomestead.ca\/wp-content\/uploads\/2019\/12\/Bedroom-2-Queen-768x1024.jpg 768w, https:\/\/sullivanhomestead.ca\/wp-content\/uploads\/2019\/12\/Bedroom-2-Queen-225x300.jpg 225w, https:\/\/sullivanhomestead.ca\/wp-content\/uploads\/2019\/12\/Bedroom-2-Queen-1152x1536.jpg 1152w, https:\/\/sullivanhomestead.ca\/wp-content\/uploads\/2019\/12\/Bedroom-2-Queen-1536x2048.jpg 1536w, https:\/\/sullivanhomestead.ca\/wp-content\/uploads\/2019\/12\/Bedroom-2-Queen-1200x1600.jpg 1200w, https:\/\/sullivanhomestead.ca\/wp-content\/uploads\/2019\/12\/Bedroom-2-Queen-1980x2640.jpg 1980w, https:\/\/sullivanhomestead.ca\/wp-content\/uploads\/2019\/12\/Bedroom-2-Queen-scaled.jpg 1920w\" sizes=\"auto, (max-width: 768px) 100vw, 768px\" \/><\/figure>\n\n\n<div class=\"wp-block-image\">\n<figure class=\"aligncenter\"><img loading=\"lazy\" decoding=\"async\" width=\"683\" height=\"1024\" data-id=\"57\" src=\"https:\/\/sullivanhomestead.ca\/wp-content\/uploads\/2019\/12\/Double-bed-683x1024.jpg\" alt=\"\" class=\"wp-image-57\" srcset=\"https:\/\/sullivanhomestead.ca\/wp-content\/uploads\/2019\/12\/Double-bed-683x1024.jpg 683w, https:\/\/sullivanhomestead.ca\/wp-content\/uploads\/2019\/12\/Double-bed-200x300.jpg 200w, https:\/\/sullivanhomestead.ca\/wp-content\/uploads\/2019\/12\/Double-bed-768x1152.jpg 768w, https:\/\/sullivanhomestead.ca\/wp-content\/uploads\/2019\/12\/Double-bed-1024x1536.jpg 1024w, https:\/\/sullivanhomestead.ca\/wp-content\/uploads\/2019\/12\/Double-bed-1365x2048.jpg 1365w, https:\/\/sullivanhomestead.ca\/wp-content\/uploads\/2019\/12\/Double-bed-1200x1800.jpg 1200w, https:\/\/sullivanhomestead.ca\/wp-content\/uploads\/2019\/12\/Double-bed-1980x2970.jpg 1980w, https:\/\/sullivanhomestead.ca\/wp-content\/uploads\/2019\/12\/Double-bed-scaled.jpg 1707w\" sizes=\"auto, (max-width: 683px) 100vw, 683px\" \/><\/figure>\n<\/div>\n\n\n<figure class=\"wp-block-image\"><img loading=\"lazy\" decoding=\"async\" width=\"683\" height=\"1024\" data-id=\"58\" src=\"https:\/\/sullivanhomestead.ca\/wp-content\/uploads\/2019\/12\/Downstairs-bedroom-683x1024.jpg\" alt=\"\" class=\"wp-image-58\" srcset=\"https:\/\/sullivanhomestead.ca\/wp-content\/uploads\/2019\/12\/Downstairs-bedroom-683x1024.jpg 683w, https:\/\/sullivanhomestead.ca\/wp-content\/uploads\/2019\/12\/Downstairs-bedroom-200x300.jpg 200w, https:\/\/sullivanhomestead.ca\/wp-content\/uploads\/2019\/12\/Downstairs-bedroom-768x1152.jpg 768w, https:\/\/sullivanhomestead.ca\/wp-content\/uploads\/2019\/12\/Downstairs-bedroom-1024x1536.jpg 1024w, https:\/\/sullivanhomestead.ca\/wp-content\/uploads\/2019\/12\/Downstairs-bedroom-1365x2048.jpg 1365w, https:\/\/sullivanhomestead.ca\/wp-content\/uploads\/2019\/12\/Downstairs-bedroom-1200x1800.jpg 1200w, https:\/\/sullivanhomestead.ca\/wp-content\/uploads\/2019\/12\/Downstairs-bedroom-1980x2970.jpg 1980w, https:\/\/sullivanhomestead.ca\/wp-content\/uploads\/2019\/12\/Downstairs-bedroom-scaled.jpg 1707w\" sizes=\"auto, (max-width: 683px) 100vw, 683px\" \/><\/figure>\n\n\n\n<figure class=\"wp-block-image\"><img loading=\"lazy\" decoding=\"async\" width=\"683\" height=\"1024\" data-id=\"61\" src=\"https:\/\/sullivanhomestead.ca\/wp-content\/uploads\/2019\/12\/single-beds-683x1024.jpg\" alt=\"\" class=\"wp-image-61\" srcset=\"https:\/\/sullivanhomestead.ca\/wp-content\/uploads\/2019\/12\/single-beds-683x1024.jpg 683w, https:\/\/sullivanhomestead.ca\/wp-content\/uploads\/2019\/12\/single-beds-200x300.jpg 200w, https:\/\/sullivanhomestead.ca\/wp-content\/uploads\/2019\/12\/single-beds-768x1152.jpg 768w, https:\/\/sullivanhomestead.ca\/wp-content\/uploads\/2019\/12\/single-beds-1024x1536.jpg 1024w, https:\/\/sullivanhomestead.ca\/wp-content\/uploads\/2019\/12\/single-beds-1365x2048.jpg 1365w, https:\/\/sullivanhomestead.ca\/wp-content\/uploads\/2019\/12\/single-beds-1200x1800.jpg 1200w, https:\/\/sullivanhomestead.ca\/wp-content\/uploads\/2019\/12\/single-beds-1980x2970.jpg 1980w, https:\/\/sullivanhomestead.ca\/wp-content\/uploads\/2019\/12\/single-beds-scaled.jpg 1707w\" sizes=\"auto, (max-width: 683px) 100vw, 683px\" \/><\/figure>\n\n\n\n<figure class=\"wp-block-image\"><img loading=\"lazy\" decoding=\"async\" width=\"683\" height=\"1024\" data-id=\"62\" src=\"https:\/\/sullivanhomestead.ca\/wp-content\/uploads\/2019\/12\/sitting-room-bed-683x1024.jpg\" alt=\"\" class=\"wp-image-62\" srcset=\"https:\/\/sullivanhomestead.ca\/wp-content\/uploads\/2019\/12\/sitting-room-bed-683x1024.jpg 683w, https:\/\/sullivanhomestead.ca\/wp-content\/uploads\/2019\/12\/sitting-room-bed-200x300.jpg 200w, https:\/\/sullivanhomestead.ca\/wp-content\/uploads\/2019\/12\/sitting-room-bed-768x1152.jpg 768w, https:\/\/sullivanhomestead.ca\/wp-content\/uploads\/2019\/12\/sitting-room-bed-1024x1536.jpg 1024w, https:\/\/sullivanhomestead.ca\/wp-content\/uploads\/2019\/12\/sitting-room-bed-1365x2048.jpg 1365w, https:\/\/sullivanhomestead.ca\/wp-content\/uploads\/2019\/12\/sitting-room-bed-1200x1800.jpg 1200w, https:\/\/sullivanhomestead.ca\/wp-content\/uploads\/2019\/12\/sitting-room-bed-1980x2970.jpg 1980w, https:\/\/sullivanhomestead.ca\/wp-content\/uploads\/2019\/12\/sitting-room-bed-scaled.jpg 1707w\" sizes=\"auto, (max-width: 683px) 100vw, 683px\" \/><\/figure>\n<\/figure>\n","protected":false},"excerpt":{"rendered":"<p>At Sullivan Homestead, there are plenty of rooms to choose from after a long day of riding the picturesque snowmobile trails, partaking in local events here in Sheenboro, or just enjoying the beautiful scenery at the Homestead A la Ferme Sullivan, vous aurez l&#8217;embarras du choix de votre chambre apr\u00e8s une longue journ\u00e9e d&#8217;excursion dans [&hellip;]<\/p>\n","protected":false},"author":1,"featured_media":0,"parent":0,"menu_order":0,"comment_status":"closed","ping_status":"closed","template":"","meta":{"footnotes":""},"class_list":["post-12","page","type-page","status-publish","hentry"],"_links":{"self":[{"href":"https:\/\/sullivanhomestead.ca\/index.php?rest_route=\/wp\/v2\/pages\/12","targetHints":{"allow":["GET"]}}],"collection":[{"href":"https:\/\/sullivanhomestead.ca\/index.php?rest_route=\/wp\/v2\/pages"}],"about":[{"href":"https:\/\/sullivanhomestead.ca\/index.php?rest_route=\/wp\/v2\/types\/page"}],"author":[{"embeddable":true,"href":"https:\/\/sullivanhomestead.ca\/index.php?rest_route=\/wp\/v2\/users\/1"}],"replies":[{"embeddable":true,"href":"https:\/\/sullivanhomestead.ca\/index.php?rest_route=%2Fwp%2Fv2%2Fcomments&post=12"}],"version-history":[{"count":11,"href":"https:\/\/sullivanhomestead.ca\/index.php?rest_route=\/wp\/v2\/pages\/12\/revisions"}],"predecessor-version":[{"id":173,"href":"https:\/\/sullivanhomestead.ca\/index.php?rest_route=\/wp\/v2\/pages\/12\/revisions\/173"}],"wp:attachment":[{"href":"https:\/\/sullivanhomestead.ca\/index.php?rest_route=%2Fwp%2Fv2%2Fmedia&parent=12"}],"curies":[{"name":"wp","href":"https:\/\/api.w.org\/{rel}","templated":true}]}}