{"id":2,"date":"2019-03-05T02:05:47","date_gmt":"2019-03-05T02:05:47","guid":{"rendered":"https:\/\/sullivanhomestead.ca\/?page_id=2"},"modified":"2024-04-07T21:56:24","modified_gmt":"2024-04-07T21:56:24","slug":"sample-page","status":"publish","type":"page","link":"https:\/\/sullivanhomestead.ca\/?page_id=2","title":{"rendered":"Winter &#8211; Hiver"},"content":{"rendered":"\n<div class=\"wp-block-columns is-layout-flex wp-container-core-columns-is-layout-9d6595d7 wp-block-columns-is-layout-flex\">\n<div class=\"wp-block-column is-layout-flow wp-block-column-is-layout-flow\">\n<p id=\"block-88112be5-70d8-441d-9c93-8d2eaab7425e\">Love snow and all the outdoor activities that go along with the powdery white stuff, but live where you can&#8217;t enjoy snowmobiling, snowshoeing or just admiring the scenery? Book a stay at Sullivan Homestead in Sheenboro, Quebec.<\/p>\n<\/div>\n\n\n\n<div class=\"wp-block-column is-layout-flow wp-block-column-is-layout-flow\">\n<p>Vous aimez la neige et toutes les activit\u00e9s ext\u00e9rieures hivernales, mais l\u00e0 o\u00f9 vous vivez, vous ne pouvez pas faire de motoneige, de raquette ou simplement admirer des paysages f\u00e9\u00e9riques? R\u00e9servez un s\u00e9jour \u00e0 la ferme Sullivan \u00e0 Sheenboro, Qu\u00e9bec.<\/p>\n<\/div>\n<\/div>\n\n\n<div class=\"wp-block-image\">\n<figure class=\"aligncenter size-large\"><img loading=\"lazy\" decoding=\"async\" width=\"960\" height=\"960\" src=\"https:\/\/sullivanhomestead.ca\/wp-content\/uploads\/2020\/01\/sullivan-homestead.jpg\" alt=\"\" class=\"wp-image-118\" srcset=\"https:\/\/sullivanhomestead.ca\/wp-content\/uploads\/2020\/01\/sullivan-homestead.jpg 960w, https:\/\/sullivanhomestead.ca\/wp-content\/uploads\/2020\/01\/sullivan-homestead-300x300.jpg 300w, https:\/\/sullivanhomestead.ca\/wp-content\/uploads\/2020\/01\/sullivan-homestead-150x150.jpg 150w, https:\/\/sullivanhomestead.ca\/wp-content\/uploads\/2020\/01\/sullivan-homestead-768x768.jpg 768w\" sizes=\"auto, (max-width: 960px) 100vw, 960px\" \/><\/figure>\n<\/div>\n\n\n<figure class=\"wp-block-gallery has-nested-images columns-2 is-cropped wp-block-gallery-1 is-layout-flex wp-block-gallery-is-layout-flex\">\n<figure class=\"wp-block-image\"><img loading=\"lazy\" decoding=\"async\" width=\"768\" height=\"1024\" data-id=\"105\" src=\"https:\/\/sullivanhomestead.ca\/wp-content\/uploads\/2019\/12\/Ski-doos_2018-Winter-768x1024.jpg\" alt=\"\" class=\"wp-image-105\" srcset=\"https:\/\/sullivanhomestead.ca\/wp-content\/uploads\/2019\/12\/Ski-doos_2018-Winter-768x1024.jpg 768w, https:\/\/sullivanhomestead.ca\/wp-content\/uploads\/2019\/12\/Ski-doos_2018-Winter-225x300.jpg 225w, https:\/\/sullivanhomestead.ca\/wp-content\/uploads\/2019\/12\/Ski-doos_2018-Winter-1152x1536.jpg 1152w, https:\/\/sullivanhomestead.ca\/wp-content\/uploads\/2019\/12\/Ski-doos_2018-Winter-1536x2048.jpg 1536w, https:\/\/sullivanhomestead.ca\/wp-content\/uploads\/2019\/12\/Ski-doos_2018-Winter-1200x1600.jpg 1200w, https:\/\/sullivanhomestead.ca\/wp-content\/uploads\/2019\/12\/Ski-doos_2018-Winter-1980x2640.jpg 1980w, https:\/\/sullivanhomestead.ca\/wp-content\/uploads\/2019\/12\/Ski-doos_2018-Winter-scaled.jpg 1920w\" sizes=\"auto, (max-width: 768px) 100vw, 768px\" \/><\/figure>\n\n\n\n<figure class=\"wp-block-image\"><img loading=\"lazy\" decoding=\"async\" width=\"683\" height=\"1024\" data-id=\"108\" src=\"https:\/\/sullivanhomestead.ca\/wp-content\/uploads\/2019\/12\/Snowmobile-Trail-2-683x1024.jpg\" alt=\"\" class=\"wp-image-108\" srcset=\"https:\/\/sullivanhomestead.ca\/wp-content\/uploads\/2019\/12\/Snowmobile-Trail-2-683x1024.jpg 683w, https:\/\/sullivanhomestead.ca\/wp-content\/uploads\/2019\/12\/Snowmobile-Trail-2-200x300.jpg 200w, https:\/\/sullivanhomestead.ca\/wp-content\/uploads\/2019\/12\/Snowmobile-Trail-2-768x1152.jpg 768w, https:\/\/sullivanhomestead.ca\/wp-content\/uploads\/2019\/12\/Snowmobile-Trail-2-1024x1536.jpg 1024w, https:\/\/sullivanhomestead.ca\/wp-content\/uploads\/2019\/12\/Snowmobile-Trail-2-1365x2048.jpg 1365w, https:\/\/sullivanhomestead.ca\/wp-content\/uploads\/2019\/12\/Snowmobile-Trail-2-1200x1800.jpg 1200w, https:\/\/sullivanhomestead.ca\/wp-content\/uploads\/2019\/12\/Snowmobile-Trail-2-1980x2970.jpg 1980w, https:\/\/sullivanhomestead.ca\/wp-content\/uploads\/2019\/12\/Snowmobile-Trail-2-scaled.jpg 1707w\" sizes=\"auto, (max-width: 683px) 100vw, 683px\" \/><\/figure>\n\n\n\n<figure class=\"wp-block-image\"><img loading=\"lazy\" decoding=\"async\" width=\"683\" height=\"1024\" data-id=\"109\" src=\"https:\/\/sullivanhomestead.ca\/wp-content\/uploads\/2019\/12\/Snowmobile-Trail-3-683x1024.jpg\" alt=\"\" class=\"wp-image-109\" srcset=\"https:\/\/sullivanhomestead.ca\/wp-content\/uploads\/2019\/12\/Snowmobile-Trail-3-683x1024.jpg 683w, https:\/\/sullivanhomestead.ca\/wp-content\/uploads\/2019\/12\/Snowmobile-Trail-3-200x300.jpg 200w, https:\/\/sullivanhomestead.ca\/wp-content\/uploads\/2019\/12\/Snowmobile-Trail-3-768x1152.jpg 768w, https:\/\/sullivanhomestead.ca\/wp-content\/uploads\/2019\/12\/Snowmobile-Trail-3-1024x1536.jpg 1024w, https:\/\/sullivanhomestead.ca\/wp-content\/uploads\/2019\/12\/Snowmobile-Trail-3-1365x2048.jpg 1365w, https:\/\/sullivanhomestead.ca\/wp-content\/uploads\/2019\/12\/Snowmobile-Trail-3-1200x1800.jpg 1200w, https:\/\/sullivanhomestead.ca\/wp-content\/uploads\/2019\/12\/Snowmobile-Trail-3-1980x2970.jpg 1980w, https:\/\/sullivanhomestead.ca\/wp-content\/uploads\/2019\/12\/Snowmobile-Trail-3-scaled.jpg 1707w\" sizes=\"auto, (max-width: 683px) 100vw, 683px\" \/><\/figure>\n\n\n\n<figure class=\"wp-block-image\"><img loading=\"lazy\" decoding=\"async\" width=\"683\" height=\"1024\" data-id=\"106\" src=\"https:\/\/sullivanhomestead.ca\/wp-content\/uploads\/2019\/12\/Snowmageddon-683x1024.jpg\" alt=\"\" class=\"wp-image-106\" srcset=\"https:\/\/sullivanhomestead.ca\/wp-content\/uploads\/2019\/12\/Snowmageddon-683x1024.jpg 683w, https:\/\/sullivanhomestead.ca\/wp-content\/uploads\/2019\/12\/Snowmageddon-200x300.jpg 200w, https:\/\/sullivanhomestead.ca\/wp-content\/uploads\/2019\/12\/Snowmageddon-768x1152.jpg 768w, https:\/\/sullivanhomestead.ca\/wp-content\/uploads\/2019\/12\/Snowmageddon-1024x1536.jpg 1024w, https:\/\/sullivanhomestead.ca\/wp-content\/uploads\/2019\/12\/Snowmageddon-1365x2048.jpg 1365w, https:\/\/sullivanhomestead.ca\/wp-content\/uploads\/2019\/12\/Snowmageddon-1200x1800.jpg 1200w, https:\/\/sullivanhomestead.ca\/wp-content\/uploads\/2019\/12\/Snowmageddon-1980x2970.jpg 1980w, https:\/\/sullivanhomestead.ca\/wp-content\/uploads\/2019\/12\/Snowmageddon-scaled.jpg 1707w\" sizes=\"auto, (max-width: 683px) 100vw, 683px\" \/><\/figure>\n\n\n\n<figure class=\"wp-block-image\"><img loading=\"lazy\" decoding=\"async\" width=\"683\" height=\"1024\" data-id=\"110\" src=\"https:\/\/sullivanhomestead.ca\/wp-content\/uploads\/2019\/12\/Winter-back-yard-683x1024.jpg\" alt=\"\" class=\"wp-image-110\" srcset=\"https:\/\/sullivanhomestead.ca\/wp-content\/uploads\/2019\/12\/Winter-back-yard-683x1024.jpg 683w, https:\/\/sullivanhomestead.ca\/wp-content\/uploads\/2019\/12\/Winter-back-yard-200x300.jpg 200w, https:\/\/sullivanhomestead.ca\/wp-content\/uploads\/2019\/12\/Winter-back-yard-768x1152.jpg 768w, https:\/\/sullivanhomestead.ca\/wp-content\/uploads\/2019\/12\/Winter-back-yard-1024x1536.jpg 1024w, https:\/\/sullivanhomestead.ca\/wp-content\/uploads\/2019\/12\/Winter-back-yard-1365x2048.jpg 1365w, https:\/\/sullivanhomestead.ca\/wp-content\/uploads\/2019\/12\/Winter-back-yard-1200x1800.jpg 1200w, https:\/\/sullivanhomestead.ca\/wp-content\/uploads\/2019\/12\/Winter-back-yard-1980x2970.jpg 1980w, https:\/\/sullivanhomestead.ca\/wp-content\/uploads\/2019\/12\/Winter-back-yard-scaled.jpg 1707w\" sizes=\"auto, (max-width: 683px) 100vw, 683px\" \/><\/figure>\n\n\n\n<figure class=\"wp-block-image\"><img loading=\"lazy\" decoding=\"async\" width=\"720\" height=\"960\" data-id=\"120\" src=\"https:\/\/sullivanhomestead.ca\/wp-content\/uploads\/2020\/01\/81472092_10162850622745437_797663855948857344_n.jpg\" alt=\"\" class=\"wp-image-120\" srcset=\"https:\/\/sullivanhomestead.ca\/wp-content\/uploads\/2020\/01\/81472092_10162850622745437_797663855948857344_n.jpg 720w, https:\/\/sullivanhomestead.ca\/wp-content\/uploads\/2020\/01\/81472092_10162850622745437_797663855948857344_n-225x300.jpg 225w\" sizes=\"auto, (max-width: 720px) 100vw, 720px\" \/><\/figure>\n<\/figure>\n","protected":false},"excerpt":{"rendered":"<p>Love snow and all the outdoor activities that go along with the powdery white stuff, but live where you can&#8217;t enjoy snowmobiling, snowshoeing or just admiring the scenery? Book a stay at Sullivan Homestead in Sheenboro, Quebec. Vous aimez la neige et toutes les activit\u00e9s ext\u00e9rieures hivernales, mais l\u00e0 o\u00f9 vous vivez, vous ne pouvez [&hellip;]<\/p>\n","protected":false},"author":1,"featured_media":0,"parent":0,"menu_order":0,"comment_status":"closed","ping_status":"closed","template":"templates\/template-full-width.php","meta":{"footnotes":""},"class_list":["post-2","page","type-page","status-publish","hentry"],"_links":{"self":[{"href":"https:\/\/sullivanhomestead.ca\/index.php?rest_route=\/wp\/v2\/pages\/2","targetHints":{"allow":["GET"]}}],"collection":[{"href":"https:\/\/sullivanhomestead.ca\/index.php?rest_route=\/wp\/v2\/pages"}],"about":[{"href":"https:\/\/sullivanhomestead.ca\/index.php?rest_route=\/wp\/v2\/types\/page"}],"author":[{"embeddable":true,"href":"https:\/\/sullivanhomestead.ca\/index.php?rest_route=\/wp\/v2\/users\/1"}],"replies":[{"embeddable":true,"href":"https:\/\/sullivanhomestead.ca\/index.php?rest_route=%2Fwp%2Fv2%2Fcomments&post=2"}],"version-history":[{"count":8,"href":"https:\/\/sullivanhomestead.ca\/index.php?rest_route=\/wp\/v2\/pages\/2\/revisions"}],"predecessor-version":[{"id":177,"href":"https:\/\/sullivanhomestead.ca\/index.php?rest_route=\/wp\/v2\/pages\/2\/revisions\/177"}],"wp:attachment":[{"href":"https:\/\/sullivanhomestead.ca\/index.php?rest_route=%2Fwp%2Fv2%2Fmedia&parent=2"}],"curies":[{"name":"wp","href":"https:\/\/api.w.org\/{rel}","templated":true}]}}